{"id":402,"date":"2024-07-08T20:21:44","date_gmt":"2024-07-08T20:21:44","guid":{"rendered":"https:\/\/evaluationintegrale.flip-marketing.ca\/demystification-des-unites-de-reference\/"},"modified":"2024-08-26T19:48:24","modified_gmt":"2024-08-26T19:48:24","slug":"demystification-des-unites-de-reference","status":"publish","type":"page","link":"https:\/\/evaluationintegrale.flip-marketing.ca\/en\/demystification-des-unites-de-reference\/","title":{"rendered":"Description of the reference unit"},"content":{"rendered":"\t\t<div data-elementor-type=\"wp-page\" data-elementor-id=\"402\" class=\"elementor elementor-402 elementor-366\" data-elementor-post-type=\"page\">\n\t\t\t\t<div class=\"elementor-element elementor-element-5568aa70 e-flex e-con-boxed e-con e-parent\" data-id=\"5568aa70\" data-element_type=\"container\" data-settings=\"{&quot;background_background&quot;:&quot;classic&quot;}\">\n\t\t\t\t\t<div class=\"e-con-inner\">\n\t\t<div class=\"elementor-element elementor-element-1605e693 e-flex e-con-boxed e-con e-child\" data-id=\"1605e693\" data-element_type=\"container\">\n\t\t\t\t\t<div class=\"e-con-inner\">\n\t\t\t\t<div class=\"elementor-element elementor-element-2a1fe55d elementor-invisible elementor-widget elementor-widget-heading\" data-id=\"2a1fe55d\" data-element_type=\"widget\" data-settings=\"{&quot;_animation&quot;:&quot;fadeInUp&quot;,&quot;_animation_delay&quot;:200}\" data-widget_type=\"heading.default\">\n\t\t\t\t<div class=\"elementor-widget-container\">\n\t\t\t<style>\/*! elementor - v3.22.0 - 26-06-2024 *\/\n.elementor-heading-title{padding:0;margin:0;line-height:1}.elementor-widget-heading .elementor-heading-title[class*=elementor-size-]>a{color:inherit;font-size:inherit;line-height:inherit}.elementor-widget-heading .elementor-heading-title.elementor-size-small{font-size:15px}.elementor-widget-heading .elementor-heading-title.elementor-size-medium{font-size:19px}.elementor-widget-heading .elementor-heading-title.elementor-size-large{font-size:29px}.elementor-widget-heading .elementor-heading-title.elementor-size-xl{font-size:39px}.elementor-widget-heading .elementor-heading-title.elementor-size-xxl{font-size:59px}<\/style><h1 class=\"elementor-heading-title elementor-size-default\">Description of the reference unit<\/h1>\t\t<\/div>\n\t\t\t\t<\/div>\n\t\t\t\t<div class=\"elementor-element elementor-element-42d3b02b elementor-invisible elementor-widget elementor-widget-heading\" data-id=\"42d3b02b\" data-element_type=\"widget\" data-settings=\"{&quot;_animation&quot;:&quot;fadeInDown&quot;,&quot;_animation_delay&quot;:300}\" data-widget_type=\"heading.default\">\n\t\t\t\t<div class=\"elementor-widget-container\">\n\t\t\t<h4 class=\"elementor-heading-title elementor-size-default\">\u00c9valuation Int\u00e9grale, co-ownership unit evaluator<\/h4>\t\t<\/div>\n\t\t\t\t<\/div>\n\t\t\t\t\t<\/div>\n\t\t\t\t<\/div>\n\t\t\t\t\t<\/div>\n\t\t\t\t<\/div>\n\t\t<div class=\"elementor-element elementor-element-3542de8a e-flex e-con-boxed e-con e-parent\" data-id=\"3542de8a\" data-element_type=\"container\" data-settings=\"{&quot;background_background&quot;:&quot;classic&quot;}\">\n\t\t\t\t\t<div class=\"e-con-inner\">\n\t\t<div class=\"elementor-element elementor-element-6109836 e-con-full e-flex elementor-invisible e-con e-child\" data-id=\"6109836\" data-element_type=\"container\" data-settings=\"{&quot;animation&quot;:&quot;fadeInLeft&quot;}\">\n\t\t\t\t<div class=\"elementor-element elementor-element-1bc192bb elementor-widget elementor-widget-heading\" data-id=\"1bc192bb\" data-element_type=\"widget\" data-widget_type=\"heading.default\">\n\t\t\t\t<div class=\"elementor-widget-container\">\n\t\t\t<h6 class=\"elementor-heading-title elementor-size-default\">\u00c9valuation int\u00e9grale<\/h6>\t\t<\/div>\n\t\t\t\t<\/div>\n\t\t\t\t<div class=\"elementor-element elementor-element-6aec85e elementor-widget elementor-widget-heading\" data-id=\"6aec85e\" data-element_type=\"widget\" data-widget_type=\"heading.default\">\n\t\t\t\t<div class=\"elementor-widget-container\">\n\t\t\t<h2 class=\"elementor-heading-title elementor-size-default\">Description of the reference unit<\/h2>\t\t<\/div>\n\t\t\t\t<\/div>\n\t\t\t\t<div class=\"elementor-element elementor-element-1bb9705 elementor-widget elementor-widget-text-editor\" data-id=\"1bb9705\" data-element_type=\"widget\" data-widget_type=\"text-editor.default\">\n\t\t\t\t<div class=\"elementor-widget-container\">\n\t\t\t<style>\/*! elementor - v3.22.0 - 26-06-2024 *\/\n.elementor-widget-text-editor.elementor-drop-cap-view-stacked .elementor-drop-cap{background-color:#69727d;color:#fff}.elementor-widget-text-editor.elementor-drop-cap-view-framed .elementor-drop-cap{color:#69727d;border:3px solid;background-color:transparent}.elementor-widget-text-editor:not(.elementor-drop-cap-view-default) .elementor-drop-cap{margin-top:8px}.elementor-widget-text-editor:not(.elementor-drop-cap-view-default) .elementor-drop-cap-letter{width:1em;height:1em}.elementor-widget-text-editor .elementor-drop-cap{float:left;text-align:center;line-height:1;font-size:50px}.elementor-widget-text-editor .elementor-drop-cap-letter{display:inline-block}<\/style>\t\t\t\t<p>The demystification of reference units in the context of co-ownership aims to clarify and standardize the detailed description of the private portions. This allows co-owners to identify improvements made to their units. This initiative, resulting from Bill 141 adopted by the National Assembly of Quebec, is essential to ensure a clear and precise understanding of the standards.<\/p><p>Our role, as members of the Order of Approved Appraisers of Quebec, is to help co-ownership syndicates prepare these reports in accordance with legal requirements. Our expertise is used to identify the elements to be included in the description and to ensure that the initial standards established by the promoter are respected. This collaboration facilitates the creation and adoption of the description of these improvements, which are essential for effective management of the co-ownership.<\/p><p>We are therefore committed to providing detailed, objective and transparent reporting by assessing potential differences between the improved units and the reference unit. These reports will be consulted when evaluating the insurable value of the building. This approach not only makes it possible to prevent complications, but also to agree on adequate insurance coverage that complies with legal requirements for each co-owner.<\/p><p>The description of the reference unit applies only to properties held in co-ownership. The insurable value appraisal <a href=\"\/en\/a-propos\/\"><strong>(Refer to the FAQ section)<\/strong> <\/a>must refer to this document because it describes the elements common to each unit (or the basic elements) that are an integral part of the co-ownership syndicate.<\/p>\t\t\t\t\t\t<\/div>\n\t\t\t\t<\/div>\n\t\t\t\t<\/div>\n\t\t<div class=\"elementor-element elementor-element-47f28512 e-con-full e-flex e-con e-child\" data-id=\"47f28512\" data-element_type=\"container\">\n\t\t\t\t<div class=\"elementor-element elementor-element-4e3d6817 elementor-invisible elementor-widget elementor-widget-image\" data-id=\"4e3d6817\" data-element_type=\"widget\" data-settings=\"{&quot;_animation&quot;:&quot;fadeInRight&quot;}\" data-widget_type=\"image.default\">\n\t\t\t\t<div class=\"elementor-widget-container\">\n\t\t\t<style>\/*! elementor - v3.22.0 - 26-06-2024 *\/\n.elementor-widget-image{text-align:center}.elementor-widget-image a{display:inline-block}.elementor-widget-image a img[src$=\".svg\"]{width:48px}.elementor-widget-image img{vertical-align:middle;display:inline-block}<\/style>\t\t\t\t\t\t\t\t\t\t<img fetchpriority=\"high\" decoding=\"async\" width=\"1280\" height=\"853\" src=\"https:\/\/evaluationintegrale.flip-marketing.ca\/wp-content\/uploads\/2024\/07\/frEvaluation-Integrale.jpg\" class=\"attachment-full size-full wp-image-369\" alt=\"\" srcset=\"https:\/\/evaluationintegrale.flip-marketing.ca\/wp-content\/uploads\/2024\/07\/frEvaluation-Integrale.jpg 1280w, https:\/\/evaluationintegrale.flip-marketing.ca\/wp-content\/uploads\/2024\/07\/frEvaluation-Integrale-300x200.jpg 300w, https:\/\/evaluationintegrale.flip-marketing.ca\/wp-content\/uploads\/2024\/07\/frEvaluation-Integrale-1024x682.jpg 1024w, https:\/\/evaluationintegrale.flip-marketing.ca\/wp-content\/uploads\/2024\/07\/frEvaluation-Integrale-768x512.jpg 768w\" sizes=\"(max-width: 1280px) 100vw, 1280px\" \/>\t\t\t\t\t\t\t\t\t\t\t\t\t<\/div>\n\t\t\t\t<\/div>\n\t\t\t\t<div class=\"elementor-element elementor-element-6150d2a6 elementor-view-stacked elementor-widget__width-initial elementor-absolute elementor-shape-circle elementor-position-top elementor-mobile-position-top elementor-invisible elementor-widget elementor-widget-icon-box\" data-id=\"6150d2a6\" data-element_type=\"widget\" data-settings=\"{&quot;_position&quot;:&quot;absolute&quot;,&quot;_animation&quot;:&quot;fadeInLeft&quot;}\" data-widget_type=\"icon-box.default\">\n\t\t\t\t<div class=\"elementor-widget-container\">\n\t\t\t<link rel=\"stylesheet\" href=\"https:\/\/evaluationintegrale.flip-marketing.ca\/wp-content\/plugins\/elementor\/assets\/css\/widget-icon-box.min.css\">\t\t<div class=\"elementor-icon-box-wrapper\">\n\n\t\t\t\t\t\t<div class=\"elementor-icon-box-icon\">\n\t\t\t\t<span  class=\"elementor-icon elementor-animation-\">\n\t\t\t\t<svg aria-hidden=\"true\" class=\"e-font-icon-svg e-far-comment-dots\" viewBox=\"0 0 512 512\" xmlns=\"http:\/\/www.w3.org\/2000\/svg\"><path d=\"M144 208c-17.7 0-32 14.3-32 32s14.3 32 32 32 32-14.3 32-32-14.3-32-32-32zm112 0c-17.7 0-32 14.3-32 32s14.3 32 32 32 32-14.3 32-32-14.3-32-32-32zm112 0c-17.7 0-32 14.3-32 32s14.3 32 32 32 32-14.3 32-32-14.3-32-32-32zM256 32C114.6 32 0 125.1 0 240c0 47.6 19.9 91.2 52.9 126.3C38 405.7 7 439.1 6.5 439.5c-6.6 7-8.4 17.2-4.6 26S14.4 480 24 480c61.5 0 110-25.7 139.1-46.3C192 442.8 223.2 448 256 448c141.4 0 256-93.1 256-208S397.4 32 256 32zm0 368c-26.7 0-53.1-4.1-78.4-12.1l-22.7-7.2-19.5 13.8c-14.3 10.1-33.9 21.4-57.5 29 7.3-12.1 14.4-25.7 19.9-40.2l10.6-28.1-20.6-21.8C69.7 314.1 48 282.2 48 240c0-88.2 93.3-160 208-160s208 71.8 208 160-93.3 160-208 160z\"><\/path><\/svg>\t\t\t\t<\/span>\n\t\t\t<\/div>\n\t\t\t\n\t\t\t\t\t\t<div class=\"elementor-icon-box-content\">\n\n\t\t\t\t\t\t\t\t\t<div class=\"elementor-icon-box-title\">\n\t\t\t\t\t\t<span  >\n\t\t\t\t\t\t\tNeed an assessment?\t\t\t\t\t\t<\/span>\n\t\t\t\t\t<\/div>\n\t\t\t\t\n\t\t\t\t\t\t\t\t\t<p class=\"elementor-icon-box-description\">\n\t\t\t\t\t\t( 514) 982-1640\t\t\t\t\t<\/p>\n\t\t\t\t\n\t\t\t<\/div>\n\t\t\t\n\t\t<\/div>\n\t\t\t\t<\/div>\n\t\t\t\t<\/div>\n\t\t\t\t<\/div>\n\t\t\t\t\t<\/div>\n\t\t\t\t<\/div>\n\t\t<div class=\"elementor-element elementor-element-6d5836d6 e-flex e-con-boxed e-con e-parent\" data-id=\"6d5836d6\" data-element_type=\"container\">\n\t\t\t\t\t<div class=\"e-con-inner\">\n\t\t<div class=\"elementor-element elementor-element-66753f71 e-flex e-con-boxed e-con e-child\" data-id=\"66753f71\" data-element_type=\"container\">\n\t\t\t\t\t<div class=\"e-con-inner\">\n\t\t<div class=\"elementor-element elementor-element-65382270 e-con-full e-flex elementor-invisible e-con e-child\" data-id=\"65382270\" data-element_type=\"container\" data-settings=\"{&quot;animation&quot;:&quot;fadeInLeft&quot;}\">\n\t\t\t\t<div class=\"elementor-element elementor-element-5540b455 elementor-widget elementor-widget-heading\" data-id=\"5540b455\" data-element_type=\"widget\" data-widget_type=\"heading.default\">\n\t\t\t\t<div class=\"elementor-widget-container\">\n\t\t\t<h6 class=\"elementor-heading-title elementor-size-default\">Find out everything about the evaluation of your or your next building<\/h6>\t\t<\/div>\n\t\t\t\t<\/div>\n\t\t\t\t<div class=\"elementor-element elementor-element-28aac453 elementor-widget elementor-widget-heading\" data-id=\"28aac453\" data-element_type=\"widget\" data-widget_type=\"heading.default\">\n\t\t\t\t<div class=\"elementor-widget-container\">\n\t\t\t<h2 class=\"elementor-heading-title elementor-size-default\">We are experts in real estate valuation\n<\/h2>\t\t<\/div>\n\t\t\t\t<\/div>\n\t\t\t\t<\/div>\n\t\t<div class=\"elementor-element elementor-element-7e769e21 e-con-full e-flex elementor-invisible e-con e-child\" data-id=\"7e769e21\" data-element_type=\"container\" data-settings=\"{&quot;animation&quot;:&quot;fadeInRight&quot;}\">\n\t\t\t\t<div class=\"elementor-element elementor-element-6a8e280a elementor-widget elementor-widget-text-editor\" data-id=\"6a8e280a\" data-element_type=\"widget\" data-widget_type=\"text-editor.default\">\n\t\t\t\t<div class=\"elementor-widget-container\">\n\t\t\t\t\t\t\t<p>To better understand the real estate appraisal process, visit our FAQ page. There you will find detailed answers to the most frequently asked questions. For more information about our services, please explore this resource.<\/p>\t\t\t\t\t\t<\/div>\n\t\t\t\t<\/div>\n\t\t\t\t<div class=\"elementor-element elementor-element-1a8f6df1 elementor-widget elementor-widget-button\" data-id=\"1a8f6df1\" data-element_type=\"widget\" data-widget_type=\"button.default\">\n\t\t\t\t<div class=\"elementor-widget-container\">\n\t\t\t\t\t<div class=\"elementor-button-wrapper\">\n\t\t\t<a class=\"elementor-button elementor-button-link elementor-size-xs\" href=\"\/en\/a-propos\/\">\n\t\t\t\t\t\t<span class=\"elementor-button-content-wrapper\">\n\t\t\t\t\t\t\t\t\t<span class=\"elementor-button-text\">More information<\/span>\n\t\t\t\t\t<\/span>\n\t\t\t\t\t<\/a>\n\t\t<\/div>\n\t\t\t\t<\/div>\n\t\t\t\t<\/div>\n\t\t\t\t<\/div>\n\t\t\t\t\t<\/div>\n\t\t\t\t<\/div>\n\t\t\t\t\t<\/div>\n\t\t\t\t<\/div>\n\t\t<div class=\"elementor-element elementor-element-28bcd0f4 e-flex e-con-boxed e-con e-parent\" data-id=\"28bcd0f4\" data-element_type=\"container\" data-settings=\"{&quot;background_background&quot;:&quot;classic&quot;}\">\n\t\t\t\t\t<div class=\"e-con-inner\">\n\t\t<div class=\"elementor-element elementor-element-7e7995c3 e-con-full e-flex e-con e-child\" data-id=\"7e7995c3\" data-element_type=\"container\">\n\t\t\t\t<div class=\"elementor-element elementor-element-23ddc80f elementor-invisible elementor-widget elementor-widget-heading\" data-id=\"23ddc80f\" data-element_type=\"widget\" data-settings=\"{&quot;_animation&quot;:&quot;fadeInUp&quot;,&quot;_animation_delay&quot;:200}\" data-widget_type=\"heading.default\">\n\t\t\t\t<div class=\"elementor-widget-container\">\n\t\t\t<h2 class=\"elementor-heading-title elementor-size-default\">Do you have any questions and would like to talk to us?\u200b<\/h2>\t\t<\/div>\n\t\t\t\t<\/div>\n\t\t\t\t<div class=\"elementor-element elementor-element-5d09004 elementor-invisible elementor-widget elementor-widget-text-editor\" data-id=\"5d09004\" data-element_type=\"widget\" data-settings=\"{&quot;_animation&quot;:&quot;fadeInUp&quot;,&quot;_animation_delay&quot;:300}\" data-widget_type=\"text-editor.default\">\n\t\t\t\t<div class=\"elementor-widget-container\">\n\t\t\t\t\t\t\t<p>Do not hesitate to contact us. Our team of experts will be happy to answer your questions.<\/p>\t\t\t\t\t\t<\/div>\n\t\t\t\t<\/div>\n\t\t\t\t<div class=\"elementor-element elementor-element-00f7552 elementor-invisible elementor-widget elementor-widget-button\" data-id=\"00f7552\" data-element_type=\"widget\" data-settings=\"{&quot;_animation&quot;:&quot;fadeInUp&quot;,&quot;_animation_delay&quot;:350}\" data-widget_type=\"button.default\">\n\t\t\t\t<div class=\"elementor-widget-container\">\n\t\t\t\t\t<div class=\"elementor-button-wrapper\">\n\t\t\t<a class=\"elementor-button elementor-button-link elementor-size-sm\" href=\"\/en\/nous-joindre\/\">\n\t\t\t\t\t\t<span class=\"elementor-button-content-wrapper\">\n\t\t\t\t\t\t\t\t\t<span class=\"elementor-button-text\">Contact us<\/span>\n\t\t\t\t\t<\/span>\n\t\t\t\t\t<\/a>\n\t\t<\/div>\n\t\t\t\t<\/div>\n\t\t\t\t<\/div>\n\t\t\t\t<\/div>\n\t\t\t\t\t<\/div>\n\t\t\t\t<\/div>\n\t\t\t\t<\/div>\n\t\t","protected":false},"excerpt":{"rendered":"<p>\u00c9valuation Int\u00e9grale, co-ownership unit evaluator \u00c9valuation int\u00e9grale Description of the reference unit The demystification of reference units in the context of co-ownership aims to clarify and standardize the detailed description of the private portions. This allows co-owners to identify improvements made to their units. This initiative, resulting from Bill 141 adopted by the National Assembly [&hellip;]<\/p>\n","protected":false},"author":1,"featured_media":0,"parent":0,"menu_order":0,"comment_status":"closed","ping_status":"closed","template":"elementor_header_footer","meta":{"footnotes":""},"class_list":["post-402","page","type-page","status-publish","hentry"],"yoast_head":"<!-- This site is optimized with the Yoast SEO plugin v22.4 - https:\/\/yoast.com\/wordpress\/plugins\/seo\/ -->\n<title>Description of the reference unit - \u00c9valuation Int\u00e9grale<\/title>\n<meta name=\"robots\" content=\"noindex, follow, max-snippet:-1, max-image-preview:large, max-video-preview:-1\" \/>\n<meta property=\"og:locale\" content=\"en_US\" \/>\n<meta property=\"og:type\" content=\"article\" \/>\n<meta property=\"og:title\" content=\"Description of the reference unit - \u00c9valuation Int\u00e9grale\" \/>\n<meta property=\"og:description\" content=\"\u00c9valuation Int\u00e9grale, co-ownership unit evaluator \u00c9valuation int\u00e9grale Description of the reference unit The demystification of reference units in the context of co-ownership aims to clarify and standardize the detailed description of the private portions. This allows co-owners to identify improvements made to their units. This initiative, resulting from Bill 141 adopted by the National Assembly [&hellip;]\" \/>\n<meta property=\"og:url\" content=\"https:\/\/evaluationintegrale.flip-marketing.ca\/en\/demystification-des-unites-de-reference\/\" \/>\n<meta property=\"og:site_name\" content=\"\u00c9valuation Int\u00e9grale\" \/>\n<meta property=\"article:modified_time\" content=\"2024-08-26T19:48:24+00:00\" \/>\n<meta property=\"og:image\" content=\"https:\/\/evaluationintegrale.flip-marketing.ca\/wp-content\/uploads\/2024\/07\/frEvaluation-Integrale.jpg\" \/>\n<meta name=\"twitter:card\" content=\"summary_large_image\" \/>\n<meta name=\"twitter:label1\" content=\"Est. reading time\" \/>\n\t<meta name=\"twitter:data1\" content=\"2 minutes\" \/>\n<script type=\"application\/ld+json\" class=\"yoast-schema-graph\">{\"@context\":\"https:\/\/schema.org\",\"@graph\":[{\"@type\":\"WebPage\",\"@id\":\"https:\/\/evaluationintegrale.flip-marketing.ca\/en\/demystification-des-unites-de-reference\/\",\"url\":\"https:\/\/evaluationintegrale.flip-marketing.ca\/en\/demystification-des-unites-de-reference\/\",\"name\":\"Description of the reference unit - \u00c9valuation Int\u00e9grale\",\"isPartOf\":{\"@id\":\"https:\/\/evaluationintegrale.flip-marketing.ca\/en\/#website\"},\"primaryImageOfPage\":{\"@id\":\"https:\/\/evaluationintegrale.flip-marketing.ca\/en\/demystification-des-unites-de-reference\/#primaryimage\"},\"image\":{\"@id\":\"https:\/\/evaluationintegrale.flip-marketing.ca\/en\/demystification-des-unites-de-reference\/#primaryimage\"},\"thumbnailUrl\":\"https:\/\/evaluationintegrale.flip-marketing.ca\/wp-content\/uploads\/2024\/07\/frEvaluation-Integrale.jpg\",\"datePublished\":\"2024-07-08T20:21:44+00:00\",\"dateModified\":\"2024-08-26T19:48:24+00:00\",\"breadcrumb\":{\"@id\":\"https:\/\/evaluationintegrale.flip-marketing.ca\/en\/demystification-des-unites-de-reference\/#breadcrumb\"},\"inLanguage\":\"en-US\",\"potentialAction\":[{\"@type\":\"ReadAction\",\"target\":[\"https:\/\/evaluationintegrale.flip-marketing.ca\/en\/demystification-des-unites-de-reference\/\"]}]},{\"@type\":\"ImageObject\",\"inLanguage\":\"en-US\",\"@id\":\"https:\/\/evaluationintegrale.flip-marketing.ca\/en\/demystification-des-unites-de-reference\/#primaryimage\",\"url\":\"https:\/\/evaluationintegrale.flip-marketing.ca\/wp-content\/uploads\/2024\/07\/frEvaluation-Integrale.jpg\",\"contentUrl\":\"https:\/\/evaluationintegrale.flip-marketing.ca\/wp-content\/uploads\/2024\/07\/frEvaluation-Integrale.jpg\"},{\"@type\":\"BreadcrumbList\",\"@id\":\"https:\/\/evaluationintegrale.flip-marketing.ca\/en\/demystification-des-unites-de-reference\/#breadcrumb\",\"itemListElement\":[{\"@type\":\"ListItem\",\"position\":1,\"name\":\"Home\",\"item\":\"https:\/\/evaluationintegrale.flip-marketing.ca\/en\/\"},{\"@type\":\"ListItem\",\"position\":2,\"name\":\"Description of the reference unit\"}]},{\"@type\":\"WebSite\",\"@id\":\"https:\/\/evaluationintegrale.flip-marketing.ca\/en\/#website\",\"url\":\"https:\/\/evaluationintegrale.flip-marketing.ca\/en\/\",\"name\":\"\u00c9valuation Int\u00e9grale\",\"description\":\"\u00c9valuation assurance, assurable\",\"publisher\":{\"@id\":\"https:\/\/evaluationintegrale.flip-marketing.ca\/en\/#organization\"},\"potentialAction\":[{\"@type\":\"SearchAction\",\"target\":{\"@type\":\"EntryPoint\",\"urlTemplate\":\"https:\/\/evaluationintegrale.flip-marketing.ca\/en\/?s={search_term_string}\"},\"query-input\":\"required name=search_term_string\"}],\"inLanguage\":\"en-US\"},{\"@type\":\"Organization\",\"@id\":\"https:\/\/evaluationintegrale.flip-marketing.ca\/en\/#organization\",\"name\":\"\u00c9valuation Int\u00e9grale\",\"url\":\"https:\/\/evaluationintegrale.flip-marketing.ca\/en\/\",\"logo\":{\"@type\":\"ImageObject\",\"inLanguage\":\"en-US\",\"@id\":\"https:\/\/evaluationintegrale.flip-marketing.ca\/en\/#\/schema\/logo\/image\/\",\"url\":\"https:\/\/evaluationintegrale.flip-marketing.ca\/wp-content\/uploads\/2024\/06\/cropped-evaluation-logo-1.webp\",\"contentUrl\":\"https:\/\/evaluationintegrale.flip-marketing.ca\/wp-content\/uploads\/2024\/06\/cropped-evaluation-logo-1.webp\",\"width\":321,\"height\":194,\"caption\":\"\u00c9valuation Int\u00e9grale\"},\"image\":{\"@id\":\"https:\/\/evaluationintegrale.flip-marketing.ca\/en\/#\/schema\/logo\/image\/\"}}]}<\/script>\n<!-- \/ Yoast SEO plugin. -->","yoast_head_json":{"title":"Description of the reference unit - \u00c9valuation Int\u00e9grale","robots":{"index":"noindex","follow":"follow","max-snippet":"max-snippet:-1","max-image-preview":"max-image-preview:large","max-video-preview":"max-video-preview:-1"},"og_locale":"en_US","og_type":"article","og_title":"Description of the reference unit - \u00c9valuation Int\u00e9grale","og_description":"\u00c9valuation Int\u00e9grale, co-ownership unit evaluator \u00c9valuation int\u00e9grale Description of the reference unit The demystification of reference units in the context of co-ownership aims to clarify and standardize the detailed description of the private portions. This allows co-owners to identify improvements made to their units. This initiative, resulting from Bill 141 adopted by the National Assembly [&hellip;]","og_url":"https:\/\/evaluationintegrale.flip-marketing.ca\/en\/demystification-des-unites-de-reference\/","og_site_name":"\u00c9valuation Int\u00e9grale","article_modified_time":"2024-08-26T19:48:24+00:00","og_image":[{"url":"https:\/\/evaluationintegrale.flip-marketing.ca\/wp-content\/uploads\/2024\/07\/frEvaluation-Integrale.jpg"}],"twitter_card":"summary_large_image","twitter_misc":{"Est. reading time":"2 minutes"},"schema":{"@context":"https:\/\/schema.org","@graph":[{"@type":"WebPage","@id":"https:\/\/evaluationintegrale.flip-marketing.ca\/en\/demystification-des-unites-de-reference\/","url":"https:\/\/evaluationintegrale.flip-marketing.ca\/en\/demystification-des-unites-de-reference\/","name":"Description of the reference unit - \u00c9valuation Int\u00e9grale","isPartOf":{"@id":"https:\/\/evaluationintegrale.flip-marketing.ca\/en\/#website"},"primaryImageOfPage":{"@id":"https:\/\/evaluationintegrale.flip-marketing.ca\/en\/demystification-des-unites-de-reference\/#primaryimage"},"image":{"@id":"https:\/\/evaluationintegrale.flip-marketing.ca\/en\/demystification-des-unites-de-reference\/#primaryimage"},"thumbnailUrl":"https:\/\/evaluationintegrale.flip-marketing.ca\/wp-content\/uploads\/2024\/07\/frEvaluation-Integrale.jpg","datePublished":"2024-07-08T20:21:44+00:00","dateModified":"2024-08-26T19:48:24+00:00","breadcrumb":{"@id":"https:\/\/evaluationintegrale.flip-marketing.ca\/en\/demystification-des-unites-de-reference\/#breadcrumb"},"inLanguage":"en-US","potentialAction":[{"@type":"ReadAction","target":["https:\/\/evaluationintegrale.flip-marketing.ca\/en\/demystification-des-unites-de-reference\/"]}]},{"@type":"ImageObject","inLanguage":"en-US","@id":"https:\/\/evaluationintegrale.flip-marketing.ca\/en\/demystification-des-unites-de-reference\/#primaryimage","url":"https:\/\/evaluationintegrale.flip-marketing.ca\/wp-content\/uploads\/2024\/07\/frEvaluation-Integrale.jpg","contentUrl":"https:\/\/evaluationintegrale.flip-marketing.ca\/wp-content\/uploads\/2024\/07\/frEvaluation-Integrale.jpg"},{"@type":"BreadcrumbList","@id":"https:\/\/evaluationintegrale.flip-marketing.ca\/en\/demystification-des-unites-de-reference\/#breadcrumb","itemListElement":[{"@type":"ListItem","position":1,"name":"Home","item":"https:\/\/evaluationintegrale.flip-marketing.ca\/en\/"},{"@type":"ListItem","position":2,"name":"Description of the reference unit"}]},{"@type":"WebSite","@id":"https:\/\/evaluationintegrale.flip-marketing.ca\/en\/#website","url":"https:\/\/evaluationintegrale.flip-marketing.ca\/en\/","name":"\u00c9valuation Int\u00e9grale","description":"\u00c9valuation assurance, assurable","publisher":{"@id":"https:\/\/evaluationintegrale.flip-marketing.ca\/en\/#organization"},"potentialAction":[{"@type":"SearchAction","target":{"@type":"EntryPoint","urlTemplate":"https:\/\/evaluationintegrale.flip-marketing.ca\/en\/?s={search_term_string}"},"query-input":"required name=search_term_string"}],"inLanguage":"en-US"},{"@type":"Organization","@id":"https:\/\/evaluationintegrale.flip-marketing.ca\/en\/#organization","name":"\u00c9valuation Int\u00e9grale","url":"https:\/\/evaluationintegrale.flip-marketing.ca\/en\/","logo":{"@type":"ImageObject","inLanguage":"en-US","@id":"https:\/\/evaluationintegrale.flip-marketing.ca\/en\/#\/schema\/logo\/image\/","url":"https:\/\/evaluationintegrale.flip-marketing.ca\/wp-content\/uploads\/2024\/06\/cropped-evaluation-logo-1.webp","contentUrl":"https:\/\/evaluationintegrale.flip-marketing.ca\/wp-content\/uploads\/2024\/06\/cropped-evaluation-logo-1.webp","width":321,"height":194,"caption":"\u00c9valuation Int\u00e9grale"},"image":{"@id":"https:\/\/evaluationintegrale.flip-marketing.ca\/en\/#\/schema\/logo\/image\/"}}]}},"_links":{"self":[{"href":"https:\/\/evaluationintegrale.flip-marketing.ca\/en\/wp-json\/wp\/v2\/pages\/402","targetHints":{"allow":["GET"]}}],"collection":[{"href":"https:\/\/evaluationintegrale.flip-marketing.ca\/en\/wp-json\/wp\/v2\/pages"}],"about":[{"href":"https:\/\/evaluationintegrale.flip-marketing.ca\/en\/wp-json\/wp\/v2\/types\/page"}],"author":[{"embeddable":true,"href":"https:\/\/evaluationintegrale.flip-marketing.ca\/en\/wp-json\/wp\/v2\/users\/1"}],"replies":[{"embeddable":true,"href":"https:\/\/evaluationintegrale.flip-marketing.ca\/en\/wp-json\/wp\/v2\/comments?post=402"}],"version-history":[{"count":11,"href":"https:\/\/evaluationintegrale.flip-marketing.ca\/en\/wp-json\/wp\/v2\/pages\/402\/revisions"}],"predecessor-version":[{"id":618,"href":"https:\/\/evaluationintegrale.flip-marketing.ca\/en\/wp-json\/wp\/v2\/pages\/402\/revisions\/618"}],"wp:attachment":[{"href":"https:\/\/evaluationintegrale.flip-marketing.ca\/en\/wp-json\/wp\/v2\/media?parent=402"}],"curies":[{"name":"wp","href":"https:\/\/api.w.org\/{rel}","templated":true}]}}